







    {"id":788,"date":"2023-12-19T09:11:10","date_gmt":"2023-12-19T09:11:10","guid":{"rendered":"https:\/\/designclubcollection.com\/?page_id=788"},"modified":"2023-12-19T10:23:41","modified_gmt":"2023-12-19T10:23:41","slug":"clienti-e-ospiti","status":"publish","type":"page","link":"https:\/\/designclubcollection.com\/it\/privacy-policy\/clienti-e-ospiti\/","title":{"rendered":"Privacy policy &#8211; Clienti e ospiti"},"content":{"rendered":"<p><strong><em>Oggetto<\/em><\/strong><em>: Informativa concernente il trattamento dei dati personali ai sensi della normativa nazionale vigente e del Regolamento Europeo (GDPR <\/em><em>679\/2016)<\/em><em>.<\/em><\/p>\n<p><em>\u00a0<\/em><\/p>\n<p><strong>DESIGN CLUB REAL ESTATE SRL<\/strong> P.IVA 03662051204, con sede legale in Via Castiglione n. 6, Bologna (Bo) 40124, email: info@designclubcollection.com,<\/p>\n<p>Vi informa di essere il Titolare del trattamento dei dati qualificati come personali dal Codice Privacy e dal Regolamento UE 679\/2016 e successive norme di adeguamento di cui la societ\u00e0 \u00e8 in possesso per l\u2019instaurazione e l\u2019esecuzione dei rapporti contrattuali, in essere o futuri, con Voi e\/o con la Vostra organizzazione.<\/p>\n<p>Pertanto, nel pieno rispetto dei principi di correttezza, liceit\u00e0 e trasparenza il Titolare fornisce le seguenti informazioni.<\/p>\n<p>&nbsp;<\/p>\n<ol>\n<li><strong>Tipologia di dati trattati <\/strong><\/li>\n<\/ol>\n<p><strong>DESIGN CLUB REAL ESTATE SRL<\/strong> P.IVA 03662051204, con sede legale in Via Castiglione n. 6, Bologna (Bo) 40124, email: info@designclubcollection.com tratta i Vostri dati personali identificativi (tra cui nome, cognome, ragione sociale, indirizzo, numero di telefono, indirizzo email, coordinate bancarie).<\/p>\n<p>Il Titolare non \u00e8 in possesso di alcun Vostro dato particolare (o appartenente a particolari categorie di dati ex art. 9 Regolamento UE 679\/2016) n\u00e9 di alcun dato biometrico, genetico o giudiziario.<\/p>\n<p>In taluni casi, DESIGN CLUB REAL ESTATE SRL potrebbe, altres\u00ec, venire in possesso di taluni Vostri dati particolari (ad esempio relativi alla vostra salute in caso siano fornite indicazioni in fase di prenotazione).<\/p>\n<p>In tal caso il titolare, in conformit\u00e0 al principio di minimizzazione, si impegna a non tenere traccia di eventuali dati particolari comunicati n\u00e9 di richiedere ulteriori informazioni se non quelle strettamente indispensabili per assicurare la tutela della vostra salute.<\/p>\n<p>I dati saranno trattati nel rispetto dei principi di limitazione delle finalit\u00e0, minimizzazione dei dati, esattezza, limitazione della conservazione, pertinenza, non eccedenza e tutela della riservatezza.<\/p>\n<p>In caso accesso alla <strong>rete Hot Spot Wi-fi<\/strong> messa a disposizione da DESIGN CLUB REAL ESTATE nelle aree limitrofe alla propria sede, l\u2019attivazione del servizio permette, previa registrazione di accedere alla rete Internet in modalit\u00e0 WI-FI nelle aree appositamente abilitate.<\/p>\n<p>In caso di accesso i dati trattati saranno i seguenti Dati comuni: (Dati di login (1 tra i seguenti): Profilo della piattaforma di terze parti utilizzata; Codice voucher; Email o numero telefonico; Dati di navigazione (quali: indirizzo IP, indirizzi URI\/URL, orario di accesso e durata, ecc.) Dati particolari: nessuno.<\/p>\n<p>&nbsp;<\/p>\n<ol start=\"2\">\n<li><strong>Finalit\u00e0 del trattamento<\/strong><\/li>\n<\/ol>\n<p>I Suoi dati saranno trattati per le finalit\u00e0 di seguito elencate:<\/p>\n<p>a) Per la conclusione di un contratto e per i conseguenti adempimenti degli obblighi legali, fiscali e contabili. La base giuridica del trattamento \u00e8 l\u2019esecuzione di un contratto e\/o di misure precontrattuali.<br \/>\nb) Per consentire una efficace gestione dei rapporti di servizi, finanziari e commerciali o per esigenze amministrative inerenti ordini e fatture. La base giuridica del trattamento \u00e8 l\u2019adempimento di obblighi di legge.<br \/>\nc) Per permettere l\u2019adesione a servizi specifici ed ulteriori, per comunicazioni commerciali e per l\u2019invio di materiale pubblicitario e\/o promozionale (ad es. mediante l\u2019invio di e-mail, sms, whatsapp e mediante il form online di prenotazione). La base giuridica del trattamento \u00e8 il consenso.<br \/>\nd) Per l\u2019eventuale accertamento, per l\u2019esercizio o la difesa di un diritto in sede giudiziale o stragiudiziale. La base giuridica del trattamento \u00e8 l\u2019interesse legittimo del titolare.<\/p>\n<p>I Suoi dati non sono soggetti a trattamenti automatizzati.<\/p>\n<p><strong>Accesso al servizio hotspot<\/strong>.<\/p>\n<p>Il Titolare ha attivato delle aree hotspot WiFi limitrofe alla propria sede. L\u2019attivazione del servizio permette, previa registrazione di accedere alla rete Internet in modalit\u00e0 WI-FI nelle aree appositamente abilitate. Il Titolare raccoglie informazioni personali da soggetti interessati che utilizzano il servizio. Il numero ed il tipo di dati raccolti sono quelli strettamente necessari a questa fase del rapporto.Per accedere al servizio WiFi occorre registrarsi on-line; la password di accesso sar\u00e0 inviata al telefono cellulare o all\u2019indirizzo e-mail indicato in fase di registrazione. l&#8217;interessato ha espresso il consenso al trattamento dei propri dati personali per la suddetta finalit\u00e0.<\/p>\n<p>Rilevazione del <strong>grado di soddisfazione della clientela <\/strong>(collegato al servizio di Hot spot Wi-fi).<\/p>\n<p>Previo espresso consenso, i dati forniti saranno trattati al fine di dar seguito all&#8217;invio di comunicazioni per rilevare il grado di soddisfazione della clientela.<\/p>\n<p>Le ricordiamo che avr\u00e0 sempre la possibilit\u00e0 di revocare il consenso inviando una comunicazione ai contatti sopra indicati.<\/p>\n<p>Il numero ed il tipo di dati raccolti sono quelli strettamente necessari a questa fase del rapporto.<\/p>\n<p>Base giuridica: l&#8217;interessato ha espresso il consenso al trattamento dei propri dati personali per la suddetta finalit\u00e0.<\/p>\n<p><strong>\u00a0<\/strong><\/p>\n<ol start=\"3\">\n<li><strong>Modalit\u00e0 di trattamento<\/strong><\/li>\n<\/ol>\n<p>Il trattamento dei dati personali \u00e8 realizzato per mezzo delle operazioni indicate all\u2019art. 4 Codice Privacy e all\u2019art. 4 n. 2) Regolamento UE 679\/2016 e precisamente: raccolta, registrazione, organizzazione, archiviazione, consultazione, elaborazione, modificazione, selezione, estrazione, raffronto, utilizzo, interconnessione, limitazione, comunicazione, cancellazione e distruzione dei dati.<\/p>\n<p>I dati sono soggetti a trattamento sia cartaceo che elettronico.<\/p>\n<p>&nbsp;<\/p>\n<ol start=\"4\">\n<li><strong>Periodo di conservazione<\/strong><\/li>\n<\/ol>\n<p>Il Titolare tratter\u00e0 i dati per il tempo necessario all\u2019esecuzione del rapporto contrattuale ed anche successivamente per l\u2019espletamento di obblighi di legge o per finalit\u00e0 amministrative e contabili.<\/p>\n<p>I dati conservati su supporto cartaceo sono cancellati dopo 3 mesi mentre rimangano conservati sul gestionale. Successivamente, ai soli fini dell\u2019archiviazione, i dati saranno trattati per il termine di 10 anni con decorrenza a partire dalla data di cessazione del rapporto, per qualsiasi causa intervenuta.<\/p>\n<p>I dati relativi alle coordinate bancarie sono conservati per 3 giorni, mentre i documenti d\u2019identit\u00e0 per 1 settimana e, successivamente, vengono cancellati.<\/p>\n<p>Il titolare tratter\u00e0 i dati raccolti per la finalit\u00e0 d) del punto 2) (permettere l\u2019adesione a servizi specifici ed ulteriori, quali la ricezione di newsletter per comunicazione di offerte promozionali) per 2 anni dalla raccolta per finalit\u00e0 di marketing e 1 anno per finalit\u00e0 di profilazione, ferma la possibilit\u00e0 per l\u2019Utente di modificare e\/o revocare la propria volont\u00e0 in qualsiasi momento.<\/p>\n<p><strong>Accesso al servizio hotspot<\/strong>.<\/p>\n<p>I dati di contatto (utente della piattaforma, email, sms)\u00a0 vengono conservati per 12 mesi dall&#8217;ultimo collegamento.<\/p>\n<p>&nbsp;<\/p>\n<ol start=\"5\">\n<li><strong>Obbligo di conferire i dati<\/strong><\/li>\n<\/ol>\n<p>Il conferimento dei dati \u00e8 obbligatorio per il perseguimento delle finalit\u00e0 descritte al punto 2 (lett. a, b, d): il mancato conferimento da parte Vostra comporta l\u2019impossibilit\u00e0 di instaurare o di proseguire alcun rapporto precontrattuale o contrattale.<\/p>\n<p>Il conferimento dei dati per il perseguimento delle finalit\u00e0 di comunicazioni commerciali, (punto 2 lett.c) per l\u2019invio di materiale pubblicitario e per la ricezione di newsletter \u00e8 invece del tutto facoltativo.<\/p>\n<p>&nbsp;<\/p>\n<ol start=\"6\">\n<li><strong>Revoca del consenso al trattamento dei dati personali. <\/strong><\/li>\n<\/ol>\n<p>I dati personali trattati da parte del Titolare sono necessari al perseguimento delle finalit\u00e0 descritte al punto 2. \u00c8 suo diritto revocare in qualsiasi momento il consenso senza pregiudicare la liceit\u00e0 del trattamento basata sul consenso prestato.<\/p>\n<p>&nbsp;<\/p>\n<ol start=\"7\">\n<li><strong> Destinatari<\/strong><\/li>\n<\/ol>\n<p>I Vostri dati potranno essere resi accessibili per le finalit\u00e0 di cui all\u2019art. 2. alle seguenti categorie di soggetti:<\/p>\n<ul>\n<li>dipendenti e collaboratori del Titolare, nella loro qualit\u00e0 di autorizzati al trattamento nominati dal Titolare;<\/li>\n<li>a societ\u00e0 terze o altri soggetti (a titolo indicativo, istituti di credito, studi professionali, consulenti, societ\u00e0 di assicurazione per la prestazione di servizi assicurativi, societ\u00e0 che si occupano di elaborazione della contabilit\u00e0 e dei bilanci) che svolgono attivit\u00e0 in outsourcing per conto del Titolare, nella loro qualit\u00e0 di responsabili esterni del trattamento;<\/li>\n<\/ul>\n<p>Inoltre, i Vostri dati potranno essere comunicati a:<\/p>\n<ul>\n<li>Organismi di vigilanza (quali IVASS),<\/li>\n<li>Autorit\u00e0 giudiziarie,<\/li>\n<li>Autorit\u00e0 pubbliche,<\/li>\n<li>tutti i soggetti ai quali la comunicazione sia obbligatoria per legge per l\u2019espletamento delle finalit\u00e0 di cui al punto 2. Detti soggetti tratteranno i dati nella loro qualit\u00e0 di autonomi titolari del trattamento.<\/li>\n<\/ul>\n<p>I Vostri dati non saranno diffusi.<\/p>\n<p>&nbsp;<\/p>\n<ol start=\"8\">\n<li><strong> Attivit\u00e0 di videosorveglianza ai sensi dell\u2019art. 13 del GDPR Regolamento (UE) 2016\/679 <\/strong><\/li>\n<\/ol>\n<p><strong>DESIGN CLUB REAL ESTATE S.R.L.,<\/strong> in qualit\u00e0 di Titolare del trattamento, desidera informarLa che, ai sensi degli artt. 12 e ss. del Regolamento (UE) 2016\/679 e del d. Lgs. 196\/2003, cos\u00ec come novellato dal D. Lgs. 101\/2018, per finalit\u00e0 di prevenzione, sicurezza organizzativa, tutela del patrimonio aziendale, il perimetro e le aree comuni della sede legale della Societ\u00e0 debitamente segnalati tramite la cartellonistica richiesta dal Garante per la Protezione dei Dati Personali \u2013 sono presidiati da un sistema di video-sorveglianza.<\/p>\n<p>Le immagini, al pari del nome, dei dati anagrafici, sono dati personali sottoposti alle tutele previste dal Regolamento (UE) 2016\/679 del Parlamento Europeo e del Consiglio relativo alla protezione delle persone fisiche. Pertanto, tali particolari dati personali vengono acquisiti e conservati dal titolare per il tempo strettamente necessario al fine di prevenire la commissione di attivit\u00e0 illecite, di assicurare la sicurezza dei siti, di consentire tutela del patrimonio aziendale, il tutto nel rispetto delle disposizioni del Regolamento (UE) 2016\/679 del Parlamento Europeo e del Consiglio e delle prescrizioni imposte dall\u2019Ufficio del Garante per il Trattamento dei dati personali. Il sistema adottato non effettua il collegamento, l\u2019incrocio o il confronto delle immagini raccolte con altri dati personali o con eventuali codici identificativi.<\/p>\n<p>Le immagini derivanti dall\u2019attivit\u00e0 di videosorveglianza saranno conservate per il periodo previsto dalla legge, e comunque per un arco di tempo non superiore rispetto a quello necessario per il conseguimento delle finalit\u00e0 per le quali i dati sono trattati (max 72 ore). Sono sempre fatte salve le ragioni legate a richieste dell\u2019Autorit\u00e0 Giudiziaria o altri organismi autorizzati. In ogni caso, gli impianti sono programmati in modo da operare al momento prefissato l\u2019integrale cancellazione automatica delle informazioni allo scadere del termine previsto da ogni supporto, anche mediante sovra-registrazione, con modalit\u00e0 tali da non rendere riutilizzabili i dati cancellati. Gli impianti e le apparecchiature esistenti non riprenderanno luoghi riservati esclusivamente ai dipendenti n\u00e9 saranno mai utilizzati per realizzare controllo a distanza dell\u2019attivit\u00e0 lavorativa.<\/p>\n<p>I dati trattati non saranno oggetto di diffusione a terzi. Possono comunque venire a conoscenza dei Suoi dati, in relazione alle finalit\u00e0 di trattamento precedentemente esposte: soggetti che possono accedere ai dati in forza di disposizione di Legge previste dal diritto dell\u2019Unione Europea o da quello dello Stato membro cui \u00e8 soggetto il Titolare del trattamento; il nostro personale dipendente, purch\u00e9 sia precedentemente designato come soggetto che agisce sotto l\u2019autorit\u00e0 del Titolare del trattamento, a norma dell\u2019art. 29 del Regolamento Europeo; soggetti (societ\u00e0 di guardiania e vigilanza) che svolgono, all\u2019interno dei confini dell\u2019Unione Europea, in qualit\u00e0 di Responsabili del trattamento, finalit\u00e0 ausiliarie alle attivit\u00e0 e ai servizi sopracitati.<\/p>\n<p>In relazione al trattamento dei Suoi dati personali, ai sensi del Regolamento Europeo, in qualit\u00e0 di interessato potr\u00e0 far valere i diritti meglio descritti al punto 10 che segue, contattando direttamente il titolare del trattamento ai recapiti indicati. Non potrete, in concreto, esercitare il diritto all\u2019aggiornamento, alla rettificazione ed alla integrazione in ragione della natura intrinseca dei dati raccolti, in quanto si tratta di immagini raccolte in tempo reale, riguardanti un fatto obiettivo. Il trattamento dei dati personali avverr\u00e0 nel rispetto dei diritti e delle libert\u00e0 fondamentali dei cittadini e della dignit\u00e0 delle persone con particolare riferimento alla riservatezza, all\u2019identit\u00e0 ed alla protezione dei dati personali.<\/p>\n<p>Il trattamento dei dati personali avverr\u00e0 nel rispetto dei diritti e delle libert\u00e0 fondamentali dei cittadini e della dignit\u00e0 delle persone con particolare riferimento alla riservatezza, all\u2019identit\u00e0 e alla protezione dei dati personali.<\/p>\n<p>&nbsp;<\/p>\n<ol start=\"9\">\n<li><strong> Conservazione e trasferimento dati <\/strong><\/li>\n<\/ol>\n<p>I Vostri dati personali sono conservati su server locali e archivi cartacei ubicati presso la sede dell\u2019azienda in Bologna (BO) Via Castiglione n. 6 e, dunque, all\u2019interno dell\u2019Unione Europea.<\/p>\n<ol start=\"10\">\n<li><strong> Esercizio dei diritti da parte dell\u2019interessato<\/strong><\/li>\n<\/ol>\n<p>In ogni momento l\u2019interessato potr\u00e0 esercitare i propri diritti nei confronti dei Titolari del trattamento. Ai sensi dell&#8217;art.7 del D.lgs.196\/2003 e degli artt. 15 ss del Reg. UE 2016\/679 l\u2019Interessato ha diritto a: a) ottenere la conferma dell&#8217;esistenza o meno di dati personali che lo riguardano, anche se non ancora registrati, e la loro comunicazione in forma intelligibile; b) ottenere l&#8217;indicazione dell&#8217;origine dei dati personali, delle finalit\u00e0 e modalit\u00e0 del trattamento, della logica applicata in caso di trattamento effettuato con l&#8217;ausilio di strumenti elettronici, degli estremi identificativi del titolare e dei responsabili, dei soggetti o delle categorie di soggetti ai quali i dati personali possono essere comunicati in qualit\u00e0 di incaricati; c) ottenere l&#8217;aggiornamento, la rettifica ovvero, quando vi ha interesse, l&#8217;integrazione dei dati; d) ottenere la cancellazione dei dati nei casi previsti dall\u2019art. 17 Reg. Ue 2016\/679, la trasformazione in forma anonima o il blocco dei dati trattati in violazione di legge, compresi quelli di cui non \u00e8 necessaria la conservazione in relazione agli scopi per i quali i dati sono stati raccolti o successivamente trattati; e) ottenere la limitazione del trattamento nei casi previsti dall\u2019art. 18 Reg. Ue 2016\/679; f) ricevere in formato strutturato, di uso comune e leggibile da dispositivo automatico, i dati personali che lo riguardano ed il diritto di trasmetterli ad un altro Titolare; g) opporsi, in tutto o in parte per motivi connessi alla sua situazione particolare, al trattamento dei dati personali che lo riguardano, ancorch\u00e9 pertinenti allo scopo della raccolta; h) opporsi al trattamento di dati personali che lo riguardano a fini di marketing diretto, di invio di materiale pubblicitario o di vendita diretta o per il compimento di ricerche di mercato o di comunicazione commerciale; i) proporre reclamo all\u2019Autorit\u00e0 Garante per la Protezione dei dati Personali.<\/p>\n<p>L\u2019esercizio dei diritti non \u00e8 soggetto ad alcun vincolo di forma ed \u00e8 gratuito.<\/p>\n<p>Per utilit\u00e0 sono consultabili integralmente l\u2019articolo 7 Del Codice Privacy e gli articoli da 15 a 23 del Regolamento UE 679\/2016 a questo link: www.garanteprivacy.it<\/p>\n<p>&nbsp;<\/p>\n<ol start=\"11\">\n<li><strong> Modalit\u00e0 di esercizio dei diritti <\/strong><\/li>\n<\/ol>\n<p>Per esercitare i Vostri diritti potrete rivolgervi direttamente al Titolare, inviando:<br \/>\n&#8211; una lettera raccomandata A\/R <strong>DESIGN CLUB REAL ESTATE SRL<\/strong> P.IVA 03662051204, con sede legale in Via Castiglione n. 6, Bologna (Bo) 40124;<br \/>\n&#8211; una e-mail all\u2019indirizzo info@designclubcollection.com.<\/p>\n","protected":false},"excerpt":{"rendered":"<p>Oggetto: Informativa concernente il trattamento dei dati personali ai sensi della normativa nazionale vigente e del Regolamento Europeo (GDPR 679\/2016). <\/p>\n","protected":false},"author":1,"featured_media":0,"parent":3,"menu_order":0,"comment_status":"closed","ping_status":"closed","template":"","meta":{"_acf_changed":false,"advgb_blocks_editor_width":"","advgb_blocks_columns_visual_guide":"","_monsterinsights_skip_tracking":false,"_monsterinsights_sitenote_active":false,"_monsterinsights_sitenote_note":"","_monsterinsights_sitenote_category":0,"footnotes":""},"class_list":["post-788","page","type-page","status-publish","hentry"],"acf":[],"yoast_head":"<!-- This site is optimized with the Yoast SEO plugin v26.3 - https:\/\/yoast.com\/wordpress\/plugins\/seo\/ -->\n<title>Privacy policy - Clienti e ospiti | Design Club Aparthotel<\/title>\n<meta name=\"robots\" content=\"index, follow, max-snippet:-1, max-image-preview:large, max-video-preview:-1\" \/>\n<link rel=\"canonical\" href=\"https:\/\/designclubcollection.com\/it\/privacy-policy\/clienti-e-ospiti\/\" \/>\n<meta property=\"og:locale\" content=\"it_IT\" \/>\n<meta property=\"og:type\" content=\"article\" \/>\n<meta property=\"og:title\" content=\"Privacy policy - Clienti e ospiti | Design Club Aparthotel\" \/>\n<meta property=\"og:description\" content=\"Oggetto: Informativa concernente il trattamento dei dati personali ai sensi della normativa nazionale vigente e del Regolamento Europeo (GDPR 679\/2016).\" \/>\n<meta property=\"og:url\" content=\"https:\/\/designclubcollection.com\/it\/privacy-policy\/clienti-e-ospiti\/\" \/>\n<meta property=\"og:site_name\" content=\"Design Club Aparthotel\" \/>\n<meta property=\"article:modified_time\" content=\"2023-12-19T10:23:41+00:00\" \/>\n<meta name=\"twitter:card\" content=\"summary_large_image\" \/>\n<meta name=\"twitter:label1\" content=\"Tempo di lettura stimato\" \/>\n\t<meta name=\"twitter:data1\" content=\"10 minuti\" \/>\n<script type=\"application\/ld+json\" class=\"yoast-schema-graph\">{\"@context\":\"https:\/\/schema.org\",\"@graph\":[{\"@type\":\"WebPage\",\"@id\":\"https:\/\/designclubcollection.com\/it\/privacy-policy\/clienti-e-ospiti\/\",\"url\":\"https:\/\/designclubcollection.com\/it\/privacy-policy\/clienti-e-ospiti\/\",\"name\":\"Privacy policy - Clienti e ospiti | Design Club Aparthotel\",\"isPartOf\":{\"@id\":\"https:\/\/designclubcollection.com\/it\/#website\"},\"datePublished\":\"2023-12-19T09:11:10+00:00\",\"dateModified\":\"2023-12-19T10:23:41+00:00\",\"breadcrumb\":{\"@id\":\"https:\/\/designclubcollection.com\/it\/privacy-policy\/clienti-e-ospiti\/#breadcrumb\"},\"inLanguage\":\"it-IT\",\"potentialAction\":[{\"@type\":\"ReadAction\",\"target\":[\"https:\/\/designclubcollection.com\/it\/privacy-policy\/clienti-e-ospiti\/\"]}]},{\"@type\":\"BreadcrumbList\",\"@id\":\"https:\/\/designclubcollection.com\/it\/privacy-policy\/clienti-e-ospiti\/#breadcrumb\",\"itemListElement\":[{\"@type\":\"ListItem\",\"position\":1,\"name\":\"Home\",\"item\":\"https:\/\/designclubcollection.com\/it\/\"},{\"@type\":\"ListItem\",\"position\":2,\"name\":\"Centro privacy\",\"item\":\"https:\/\/designclubcollection.com\/it\/privacy-policy\/\"},{\"@type\":\"ListItem\",\"position\":3,\"name\":\"Privacy policy &#8211; Clienti e ospiti\"}]},{\"@type\":\"WebSite\",\"@id\":\"https:\/\/designclubcollection.com\/it\/#website\",\"url\":\"https:\/\/designclubcollection.com\/it\/\",\"name\":\"Design Club Aparthotel\",\"description\":\"Bologna Luxury Apartments\",\"publisher\":{\"@id\":\"https:\/\/designclubcollection.com\/it\/#organization\"},\"potentialAction\":[{\"@type\":\"SearchAction\",\"target\":{\"@type\":\"EntryPoint\",\"urlTemplate\":\"https:\/\/designclubcollection.com\/it\/?s={search_term_string}\"},\"query-input\":{\"@type\":\"PropertyValueSpecification\",\"valueRequired\":true,\"valueName\":\"search_term_string\"}}],\"inLanguage\":\"it-IT\"},{\"@type\":\"Organization\",\"@id\":\"https:\/\/designclubcollection.com\/it\/#organization\",\"name\":\"Design club collection\",\"url\":\"https:\/\/designclubcollection.com\/it\/\",\"logo\":{\"@type\":\"ImageObject\",\"inLanguage\":\"it-IT\",\"@id\":\"https:\/\/designclubcollection.com\/it\/#\/schema\/logo\/image\/\",\"url\":\"https:\/\/designclubcollection.com\/wp-content\/uploads\/2019\/11\/favicon.png\",\"contentUrl\":\"https:\/\/designclubcollection.com\/wp-content\/uploads\/2019\/11\/favicon.png\",\"width\":1451,\"height\":1451,\"caption\":\"Design club collection\"},\"image\":{\"@id\":\"https:\/\/designclubcollection.com\/it\/#\/schema\/logo\/image\/\"}}]}<\/script>\n<!-- \/ Yoast SEO plugin. -->","yoast_head_json":{"title":"Privacy policy - Clienti e ospiti | Design Club Aparthotel","robots":{"index":"index","follow":"follow","max-snippet":"max-snippet:-1","max-image-preview":"max-image-preview:large","max-video-preview":"max-video-preview:-1"},"canonical":"https:\/\/designclubcollection.com\/it\/privacy-policy\/clienti-e-ospiti\/","og_locale":"it_IT","og_type":"article","og_title":"Privacy policy - Clienti e ospiti | Design Club Aparthotel","og_description":"Oggetto: Informativa concernente il trattamento dei dati personali ai sensi della normativa nazionale vigente e del Regolamento Europeo (GDPR 679\/2016).","og_url":"https:\/\/designclubcollection.com\/it\/privacy-policy\/clienti-e-ospiti\/","og_site_name":"Design Club Aparthotel","article_modified_time":"2023-12-19T10:23:41+00:00","twitter_card":"summary_large_image","twitter_misc":{"Tempo di lettura stimato":"10 minuti"},"schema":{"@context":"https:\/\/schema.org","@graph":[{"@type":"WebPage","@id":"https:\/\/designclubcollection.com\/it\/privacy-policy\/clienti-e-ospiti\/","url":"https:\/\/designclubcollection.com\/it\/privacy-policy\/clienti-e-ospiti\/","name":"Privacy policy - Clienti e ospiti | Design Club Aparthotel","isPartOf":{"@id":"https:\/\/designclubcollection.com\/it\/#website"},"datePublished":"2023-12-19T09:11:10+00:00","dateModified":"2023-12-19T10:23:41+00:00","breadcrumb":{"@id":"https:\/\/designclubcollection.com\/it\/privacy-policy\/clienti-e-ospiti\/#breadcrumb"},"inLanguage":"it-IT","potentialAction":[{"@type":"ReadAction","target":["https:\/\/designclubcollection.com\/it\/privacy-policy\/clienti-e-ospiti\/"]}]},{"@type":"BreadcrumbList","@id":"https:\/\/designclubcollection.com\/it\/privacy-policy\/clienti-e-ospiti\/#breadcrumb","itemListElement":[{"@type":"ListItem","position":1,"name":"Home","item":"https:\/\/designclubcollection.com\/it\/"},{"@type":"ListItem","position":2,"name":"Centro privacy","item":"https:\/\/designclubcollection.com\/it\/privacy-policy\/"},{"@type":"ListItem","position":3,"name":"Privacy policy &#8211; Clienti e ospiti"}]},{"@type":"WebSite","@id":"https:\/\/designclubcollection.com\/it\/#website","url":"https:\/\/designclubcollection.com\/it\/","name":"Design Club Aparthotel","description":"Bologna Luxury Apartments","publisher":{"@id":"https:\/\/designclubcollection.com\/it\/#organization"},"potentialAction":[{"@type":"SearchAction","target":{"@type":"EntryPoint","urlTemplate":"https:\/\/designclubcollection.com\/it\/?s={search_term_string}"},"query-input":{"@type":"PropertyValueSpecification","valueRequired":true,"valueName":"search_term_string"}}],"inLanguage":"it-IT"},{"@type":"Organization","@id":"https:\/\/designclubcollection.com\/it\/#organization","name":"Design club collection","url":"https:\/\/designclubcollection.com\/it\/","logo":{"@type":"ImageObject","inLanguage":"it-IT","@id":"https:\/\/designclubcollection.com\/it\/#\/schema\/logo\/image\/","url":"https:\/\/designclubcollection.com\/wp-content\/uploads\/2019\/11\/favicon.png","contentUrl":"https:\/\/designclubcollection.com\/wp-content\/uploads\/2019\/11\/favicon.png","width":1451,"height":1451,"caption":"Design club collection"},"image":{"@id":"https:\/\/designclubcollection.com\/it\/#\/schema\/logo\/image\/"}}]}},"coauthors":[],"author_meta":{"author_link":"https:\/\/designclubcollection.com\/it\/author\/kross\/","display_name":"admin"},"relative_dates":{"created":"Pubblicato 2 anni fa","modified":"Aggiornato 2 anni fa"},"absolute_dates":{"created":"Pubblicato il Dicembre 19, 2023","modified":"Aggiornato il Dicembre 19, 2023"},"absolute_dates_time":{"created":"Pubblicato il Dicembre 19, 2023 9:11 am","modified":"Aggiornato il Dicembre 19, 2023 10:23 am"},"featured_img_caption":"","featured_img":false,"series_order":"","_links":{"self":[{"href":"https:\/\/designclubcollection.com\/it\/wp-json\/wp\/v2\/pages\/788","targetHints":{"allow":["GET"]}}],"collection":[{"href":"https:\/\/designclubcollection.com\/it\/wp-json\/wp\/v2\/pages"}],"about":[{"href":"https:\/\/designclubcollection.com\/it\/wp-json\/wp\/v2\/types\/page"}],"author":[{"embeddable":true,"href":"https:\/\/designclubcollection.com\/it\/wp-json\/wp\/v2\/users\/1"}],"replies":[{"embeddable":true,"href":"https:\/\/designclubcollection.com\/it\/wp-json\/wp\/v2\/comments?post=788"}],"version-history":[{"count":2,"href":"https:\/\/designclubcollection.com\/it\/wp-json\/wp\/v2\/pages\/788\/revisions"}],"predecessor-version":[{"id":798,"href":"https:\/\/designclubcollection.com\/it\/wp-json\/wp\/v2\/pages\/788\/revisions\/798"}],"up":[{"embeddable":true,"href":"https:\/\/designclubcollection.com\/it\/wp-json\/wp\/v2\/pages\/3"}],"wp:attachment":[{"href":"https:\/\/designclubcollection.com\/it\/wp-json\/wp\/v2\/media?parent=788"}],"curies":[{"name":"wp","href":"https:\/\/api.w.org\/{rel}","templated":true}]}}