







    {"id":775,"date":"2023-12-04T16:16:09","date_gmt":"2023-12-04T16:16:09","guid":{"rendered":"https:\/\/designclubcollection.com\/?page_id=775"},"modified":"2023-12-04T16:16:26","modified_gmt":"2023-12-04T16:16:26","slug":"newsletter","status":"publish","type":"page","link":"https:\/\/designclubcollection.com\/it\/privacy-policy\/newsletter\/","title":{"rendered":"Privacy policy &#8211; Newsletter"},"content":{"rendered":"<p><strong>Informativa concernente il trattamento dei dati personali ai sensi del Codice in materia di dati personali (D. Lgs. n. 196\/2003 di seguito il \u201cCodice\u201d) e dell\u2019articolo 13 del Regolamento Europeo (GDPR 679\/2016 di seguito il \u201cRegolamento\u201d) e delle successive norme nazionali di adeguamento.<\/strong><\/p>\n<p>&nbsp;<\/p>\n<p><strong>DESIGN CLUB REAL ESTATE SRL<\/strong> P.IVA 03662051204, con sede legale in Via Castiglione n. 6, Bologna (Bo) 40124, email: info@designclubcollection.com, in qualit\u00e0 di Titolare del trattamento, La informa che la presente newsletter \u00e8 destinata ad aggiornarLa e ad informarLa sulle novit\u00e0 relative alle nostre nuove proposte, ai nostri prodotti e alle nostre iniziative ed ha l\u2019obiettivo di favorire una migliore conoscenza dei prodotti e delle promozioni di Design Club Real Estate SRL<\/p>\n<p>Di seguito trover\u00e0 descritte le condizioni per usufruire della possibilit\u00e0 di entrare a far parte del mondo di Design Club Real Estate SRL<strong>.<\/strong><\/p>\n<p>L\u2019indirizzo email da Lei fornito al momento della instaurazione del rapporto con la Ns. societ\u00e0 e\/o di richiesta di attivazione del servizio di newsletter e\/o di richiesta di invio di comunicazioni commerciali potr\u00e0 essere utilizzato solo per fornire il servizio richiesto e, dunque, per procedere al servizio di invio della newsletter, per l&#8217;invio di informazioni commerciali e pubblicitarie aventi oggetto messaggi informativi e comunicazioni promozionali relative all&#8217; attivit\u00e0 e\/o ai servizi di Design Club Real Estate SRL (es: mail, newsletter), che Le daranno informazioni sulle novit\u00e0 relative alle Nostre iniziative, ai nostri eventi ed ai servizi di Design Club Real Estate SRL<strong>.<\/strong><\/p>\n<p>I Suoi dati saranno conservati dal Titolare in archivi informatici e gestiti con modalit\u00e0 e logiche funzionali all\u2019invio della newsletter e presso il provider esterno; non saranno comunicati a terzi n\u00e9 diffusi.<\/p>\n<p>Titolare del trattamento \u00e8 Design Club Real Estate SRL &#8211; con sede in Bologna (BO) P.IVA 03662051204, in Via Castiglione n. 6, Bologna (Bo) 40124, email: info@designclubcollection.com.<\/p>\n<p>I Suoi dati potranno essere resi accessibili, per la finalit\u00e0 per la quale sono stati raccolti, a dipendenti e collaboratori del Titolare (tra cui amministratori e soci) nella loro qualit\u00e0 di autorizzati del trattamento, a societ\u00e0 terze o altri soggetti che svolgono attivit\u00e0 in outsourcing per conto del Titolare, nella loro qualit\u00e0 di responsabili esterni del trattamento (ad esempio, la societ\u00e0 che gestisce l\u2019invio delle newsletter). I Suoi dati potranno, dunque, essere trattati da personale autorizzato al trattamento dei dati personali, comunicati all&#8217;esterno solo nel caso in cui si renda necessario per rispondere alle sue richieste e non saranno oggetto di diffusione.<\/p>\n<p>Lei potr\u00e0 interrompere in qualsiasi momento gli invii e la ricezione delle newsletter cliccando l\u2019opzione \u201ccancellami\u201d che trover\u00e0 in calce all\u2019email. Da quel momento in poi, non ricever\u00e0 pi\u00f9 le newsletter di Design Club Real Estate Srl ed il suo recapito verr\u00e0 cancellato dal sistema. \u00c8 dunque suo diritto revocare in qualsiasi momento il consenso senza pregiudicare la liceit\u00e0 del trattamento basato sul consenso prestato.<\/p>\n<p>Lei potr\u00e0 esercitare i Suoi diritti nei confronti del Titolare in qualsiasi momento. Ai sensi del D.lgs.196\/2003 e degli artt. 15 ss. del Reg. UE 2016\/679 Lei ha diritto a: a) ottenere la conferma dell&#8217;esistenza o meno di dati personali che lo riguardano, anche se non ancora registrati, e la loro comunicazione in forma intelligibile; b) ottenere l&#8217;indicazione dell&#8217;origine dei dati personali, delle finalit\u00e0 e modalit\u00e0 del trattamento, della logica applicata in caso di trattamento effettuato con l&#8217;ausilio di strumenti elettronici, degli estremi identificativi del titolare e dei responsabili, dei soggetti o delle categorie di soggetti ai quali i dati personali possono essere comunicati in qualit\u00e0 di incaricati; c) ottenere l&#8217;aggiornamento, la rettifica ovvero, quando vi ha interesse, l&#8217;integrazione dei dati; d) ottenere la cancellazione dei dati nei casi previsti dall\u2019art. 17 Reg. Ue 2016\/679, la trasformazione in forma anonima o il blocco dei dati trattati in violazione di legge, compresi quelli di cui non \u00e8 necessaria la conservazione in relazione agli scopi per i quali i dati sono stati raccolti o successivamente trattati; e) ottenere la limitazione del trattamento nei casi previsti dall\u2019art. 18 Reg. Ue 2016\/679; f) ricevere in formato strutturato, di uso comune e leggibile da dispositivo automatico, i dati personali che lo riguardano ed il diritto di trasmetterli ad un altro Titolare; g) opporsi, in tutto o in parte per motivi connessi alla sua situazione particolare, al trattamento dei dati personali che lo riguardano, ancorch\u00e9 pertinenti allo scopo della raccolta; h) opporsi al trattamento di dati personali che lo riguardano a fini di marketing diretto, di invio di materiale pubblicitario o di vendita diretta o per il compimento di ricerche di mercato o di comunicazione commerciale; i) proporre reclamo all\u2019Autorit\u00e0 Garante per la Protezione dei dati Personali.<\/p>\n<p>L\u2019esercizio dei diritti non \u00e8 soggetto ad alcun vincolo di forma ed \u00e8 gratuito.<\/p>\n<p>Per utilit\u00e0 sono consultabili integralmente dal Codice e gli articoli da 15 a 23 del Regolamento a questo link: www.garanteprivacy.it<\/p>\n<p>\u00c8 altres\u00ec sempre possibile una revoca del consenso tramite un link integrato nella mail, con l\u2019opzione &#8220;cancellami&#8221;.<\/p>\n<p>Potr\u00e0, inoltre, rivolgersi direttamente al Titolare, inviando una lettera raccomandata con ricevuta di ritorno a DESIGN CLUB REAL ESTATE SRL Via Castiglione n. 6, Bologna (Bo) 40124.<\/p>\n","protected":false},"excerpt":{"rendered":"<p>Informativa concernente il trattamento dei dati personali ai sensi del Codice in materia di dati personali (D. Lgs. n. 196\/2003 <\/p>\n","protected":false},"author":1,"featured_media":0,"parent":3,"menu_order":0,"comment_status":"closed","ping_status":"closed","template":"","meta":{"_acf_changed":false,"advgb_blocks_editor_width":"","advgb_blocks_columns_visual_guide":"","_monsterinsights_skip_tracking":false,"_monsterinsights_sitenote_active":false,"_monsterinsights_sitenote_note":"","_monsterinsights_sitenote_category":0,"footnotes":""},"class_list":["post-775","page","type-page","status-publish","hentry"],"acf":[],"yoast_head":"<!-- This site is optimized with the Yoast SEO plugin v26.3 - https:\/\/yoast.com\/wordpress\/plugins\/seo\/ -->\n<title>Privacy policy - Newsletter | Design Club Aparthotel<\/title>\n<meta name=\"robots\" content=\"index, follow, max-snippet:-1, max-image-preview:large, max-video-preview:-1\" \/>\n<link rel=\"canonical\" href=\"https:\/\/designclubcollection.com\/it\/privacy-policy\/newsletter\/\" \/>\n<meta property=\"og:locale\" content=\"it_IT\" \/>\n<meta property=\"og:type\" content=\"article\" \/>\n<meta property=\"og:title\" content=\"Privacy policy - Newsletter | Design Club Aparthotel\" \/>\n<meta property=\"og:description\" content=\"Informativa concernente il trattamento dei dati personali ai sensi del Codice in materia di dati personali (D. Lgs. n. 196\/2003\" \/>\n<meta property=\"og:url\" content=\"https:\/\/designclubcollection.com\/it\/privacy-policy\/newsletter\/\" \/>\n<meta property=\"og:site_name\" content=\"Design Club Aparthotel\" \/>\n<meta property=\"article:modified_time\" content=\"2023-12-04T16:16:26+00:00\" \/>\n<meta name=\"twitter:card\" content=\"summary_large_image\" \/>\n<meta name=\"twitter:label1\" content=\"Tempo di lettura stimato\" \/>\n\t<meta name=\"twitter:data1\" content=\"4 minuti\" \/>\n<script type=\"application\/ld+json\" class=\"yoast-schema-graph\">{\"@context\":\"https:\/\/schema.org\",\"@graph\":[{\"@type\":\"WebPage\",\"@id\":\"https:\/\/designclubcollection.com\/it\/privacy-policy\/newsletter\/\",\"url\":\"https:\/\/designclubcollection.com\/it\/privacy-policy\/newsletter\/\",\"name\":\"Privacy policy - Newsletter | Design Club Aparthotel\",\"isPartOf\":{\"@id\":\"https:\/\/designclubcollection.com\/it\/#website\"},\"datePublished\":\"2023-12-04T16:16:09+00:00\",\"dateModified\":\"2023-12-04T16:16:26+00:00\",\"breadcrumb\":{\"@id\":\"https:\/\/designclubcollection.com\/it\/privacy-policy\/newsletter\/#breadcrumb\"},\"inLanguage\":\"it-IT\",\"potentialAction\":[{\"@type\":\"ReadAction\",\"target\":[\"https:\/\/designclubcollection.com\/it\/privacy-policy\/newsletter\/\"]}]},{\"@type\":\"BreadcrumbList\",\"@id\":\"https:\/\/designclubcollection.com\/it\/privacy-policy\/newsletter\/#breadcrumb\",\"itemListElement\":[{\"@type\":\"ListItem\",\"position\":1,\"name\":\"Home\",\"item\":\"https:\/\/designclubcollection.com\/it\/\"},{\"@type\":\"ListItem\",\"position\":2,\"name\":\"Centro privacy\",\"item\":\"https:\/\/designclubcollection.com\/it\/privacy-policy\/\"},{\"@type\":\"ListItem\",\"position\":3,\"name\":\"Privacy policy &#8211; Newsletter\"}]},{\"@type\":\"WebSite\",\"@id\":\"https:\/\/designclubcollection.com\/it\/#website\",\"url\":\"https:\/\/designclubcollection.com\/it\/\",\"name\":\"Design Club Aparthotel\",\"description\":\"Bologna Luxury Apartments\",\"publisher\":{\"@id\":\"https:\/\/designclubcollection.com\/it\/#organization\"},\"potentialAction\":[{\"@type\":\"SearchAction\",\"target\":{\"@type\":\"EntryPoint\",\"urlTemplate\":\"https:\/\/designclubcollection.com\/it\/?s={search_term_string}\"},\"query-input\":{\"@type\":\"PropertyValueSpecification\",\"valueRequired\":true,\"valueName\":\"search_term_string\"}}],\"inLanguage\":\"it-IT\"},{\"@type\":\"Organization\",\"@id\":\"https:\/\/designclubcollection.com\/it\/#organization\",\"name\":\"Design club collection\",\"url\":\"https:\/\/designclubcollection.com\/it\/\",\"logo\":{\"@type\":\"ImageObject\",\"inLanguage\":\"it-IT\",\"@id\":\"https:\/\/designclubcollection.com\/it\/#\/schema\/logo\/image\/\",\"url\":\"https:\/\/designclubcollection.com\/wp-content\/uploads\/2019\/11\/favicon.png\",\"contentUrl\":\"https:\/\/designclubcollection.com\/wp-content\/uploads\/2019\/11\/favicon.png\",\"width\":1451,\"height\":1451,\"caption\":\"Design club collection\"},\"image\":{\"@id\":\"https:\/\/designclubcollection.com\/it\/#\/schema\/logo\/image\/\"}}]}<\/script>\n<!-- \/ Yoast SEO plugin. -->","yoast_head_json":{"title":"Privacy policy - Newsletter | Design Club Aparthotel","robots":{"index":"index","follow":"follow","max-snippet":"max-snippet:-1","max-image-preview":"max-image-preview:large","max-video-preview":"max-video-preview:-1"},"canonical":"https:\/\/designclubcollection.com\/it\/privacy-policy\/newsletter\/","og_locale":"it_IT","og_type":"article","og_title":"Privacy policy - Newsletter | Design Club Aparthotel","og_description":"Informativa concernente il trattamento dei dati personali ai sensi del Codice in materia di dati personali (D. Lgs. n. 196\/2003","og_url":"https:\/\/designclubcollection.com\/it\/privacy-policy\/newsletter\/","og_site_name":"Design Club Aparthotel","article_modified_time":"2023-12-04T16:16:26+00:00","twitter_card":"summary_large_image","twitter_misc":{"Tempo di lettura stimato":"4 minuti"},"schema":{"@context":"https:\/\/schema.org","@graph":[{"@type":"WebPage","@id":"https:\/\/designclubcollection.com\/it\/privacy-policy\/newsletter\/","url":"https:\/\/designclubcollection.com\/it\/privacy-policy\/newsletter\/","name":"Privacy policy - Newsletter | Design Club Aparthotel","isPartOf":{"@id":"https:\/\/designclubcollection.com\/it\/#website"},"datePublished":"2023-12-04T16:16:09+00:00","dateModified":"2023-12-04T16:16:26+00:00","breadcrumb":{"@id":"https:\/\/designclubcollection.com\/it\/privacy-policy\/newsletter\/#breadcrumb"},"inLanguage":"it-IT","potentialAction":[{"@type":"ReadAction","target":["https:\/\/designclubcollection.com\/it\/privacy-policy\/newsletter\/"]}]},{"@type":"BreadcrumbList","@id":"https:\/\/designclubcollection.com\/it\/privacy-policy\/newsletter\/#breadcrumb","itemListElement":[{"@type":"ListItem","position":1,"name":"Home","item":"https:\/\/designclubcollection.com\/it\/"},{"@type":"ListItem","position":2,"name":"Centro privacy","item":"https:\/\/designclubcollection.com\/it\/privacy-policy\/"},{"@type":"ListItem","position":3,"name":"Privacy policy &#8211; Newsletter"}]},{"@type":"WebSite","@id":"https:\/\/designclubcollection.com\/it\/#website","url":"https:\/\/designclubcollection.com\/it\/","name":"Design Club Aparthotel","description":"Bologna Luxury Apartments","publisher":{"@id":"https:\/\/designclubcollection.com\/it\/#organization"},"potentialAction":[{"@type":"SearchAction","target":{"@type":"EntryPoint","urlTemplate":"https:\/\/designclubcollection.com\/it\/?s={search_term_string}"},"query-input":{"@type":"PropertyValueSpecification","valueRequired":true,"valueName":"search_term_string"}}],"inLanguage":"it-IT"},{"@type":"Organization","@id":"https:\/\/designclubcollection.com\/it\/#organization","name":"Design club collection","url":"https:\/\/designclubcollection.com\/it\/","logo":{"@type":"ImageObject","inLanguage":"it-IT","@id":"https:\/\/designclubcollection.com\/it\/#\/schema\/logo\/image\/","url":"https:\/\/designclubcollection.com\/wp-content\/uploads\/2019\/11\/favicon.png","contentUrl":"https:\/\/designclubcollection.com\/wp-content\/uploads\/2019\/11\/favicon.png","width":1451,"height":1451,"caption":"Design club collection"},"image":{"@id":"https:\/\/designclubcollection.com\/it\/#\/schema\/logo\/image\/"}}]}},"coauthors":[],"author_meta":{"author_link":"https:\/\/designclubcollection.com\/it\/author\/kross\/","display_name":"admin"},"relative_dates":{"created":"Pubblicato 2 anni fa","modified":"Aggiornato 2 anni fa"},"absolute_dates":{"created":"Pubblicato il Dicembre 4, 2023","modified":"Aggiornato il Dicembre 4, 2023"},"absolute_dates_time":{"created":"Pubblicato il Dicembre 4, 2023 4:16 pm","modified":"Aggiornato il Dicembre 4, 2023 4:16 pm"},"featured_img_caption":"","featured_img":false,"series_order":"","_links":{"self":[{"href":"https:\/\/designclubcollection.com\/it\/wp-json\/wp\/v2\/pages\/775","targetHints":{"allow":["GET"]}}],"collection":[{"href":"https:\/\/designclubcollection.com\/it\/wp-json\/wp\/v2\/pages"}],"about":[{"href":"https:\/\/designclubcollection.com\/it\/wp-json\/wp\/v2\/types\/page"}],"author":[{"embeddable":true,"href":"https:\/\/designclubcollection.com\/it\/wp-json\/wp\/v2\/users\/1"}],"replies":[{"embeddable":true,"href":"https:\/\/designclubcollection.com\/it\/wp-json\/wp\/v2\/comments?post=775"}],"version-history":[{"count":1,"href":"https:\/\/designclubcollection.com\/it\/wp-json\/wp\/v2\/pages\/775\/revisions"}],"predecessor-version":[{"id":776,"href":"https:\/\/designclubcollection.com\/it\/wp-json\/wp\/v2\/pages\/775\/revisions\/776"}],"up":[{"embeddable":true,"href":"https:\/\/designclubcollection.com\/it\/wp-json\/wp\/v2\/pages\/3"}],"wp:attachment":[{"href":"https:\/\/designclubcollection.com\/it\/wp-json\/wp\/v2\/media?parent=775"}],"curies":[{"name":"wp","href":"https:\/\/api.w.org\/{rel}","templated":true}]}}